{"id":2410,"date":"2017-08-28T21:56:03","date_gmt":"2017-08-28T21:56:03","guid":{"rendered":"https:\/\/abubef.org\/?page_id=2410"},"modified":"2025-06-04T09:27:18","modified_gmt":"2025-06-04T07:27:18","slug":"a-propos-de-nous","status":"publish","type":"page","link":"https:\/\/abubef.org\/en\/a-propos-de-nous\/","title":{"rendered":"About us"},"content":{"rendered":"<section class=\"wpb-content-wrapper\"><div class=\"vc_row wpb_row vc_row-fluid vc_custom_1503485431639\"><div class=\"wpb_column vc_column_container vc_col-sm-12\"><div class=\"vc_column-inner\"><div class=\"wpb_wrapper\"><div class=\"\">\r\n\t<div class=\"rt-text-with-video\">\r\n\t\t<div class=\"row\">\r\n\t\t\t<div class=\"col-lg-7 col-md-7 col-sm-7 col-xs-12\">\r\n\t\t\t\t<div class=\"rtin-text-content\">\r\n\t\t\t\t\t\t\t\t\t<span style=\"color:#000000\">Depuis 1991<\/span>\r\n\t\t\t\t\t\t\t\t\t\t\t\t\t<h2 style=\"color:#000000\">L\u2019Association Burundaise pour le Bien \u00eatre Familial (ABUBEF)<\/h2>\r\n\t\t\t\t\t\t\t\t<\/p>\n<div class=\"footer-about\">\n<p>est une Association Sans But Lucratif, dont la mission est d\u2019appuyer les efforts du gouvernement dans la promotion de la sant\u00e9 sexuelle et de la reproduction. Elle a acquis sa personnalit\u00e9 juridique le 21\/10\/1991 par ordonnance n\u00b0550\/333 du Minist\u00e8re de la justice. L&#8217;ABUBEF souscrit aux buts et politiques de la F\u00e9d\u00e9ration Internationale pour la Planification Familiale (IPPF) dont elle est membre \u00e0 part enti\u00e8re depuis 2002<\/p><\/div>\n<p>\t\t\t\t<\/div>\r\n\t\t\t<\/div>\r\n\t\t\t<div class=\"col-lg-5 col-md-5 col-sm-5 col-xs-12\">\r\n\t\t\t\t<div class=\"rtin-video-content\">\t\t\t\t\r\n\t\t\t\t\t<iframe loading=\"lazy\" title=\"28\u00e8me Assembl\u00e9e G\u00e9n\u00e9rale des Membres Volontaires de l&#039;ABUBEF\" width=\"500\" height=\"281\" src=\"https:\/\/www.youtube.com\/embed\/ix1HT96cXo4?feature=oembed\" frameborder=\"0\" allow=\"accelerometer; autoplay; clipboard-write; encrypted-media; gyroscope; picture-in-picture\" allowfullscreen><\/iframe>\t\t\t\t<\/div>\r\n\t\t\t<\/div>\r\n\t\t<\/div>\r\n\t<\/div>\r\n<\/div>\n\t<div class=\"wpb_raw_code wpb_content_element wpb_raw_html\" >\n\t\t<div class=\"wpb_wrapper\">\n\t\t\t        <div class=\"wpex horizontal-timeline wpex-horizontal-left  no-arr-top\" data-layout=\"horizontal\" data-autoplay=\"0\" data-speed=\"\" data-rtl=\"\" id=\"horizontal-tl-6332\" data-id=\"horizontal-tl-6332\" data-slidesshow=\"5\" data-arrowpos=\"\" data-center=\"\" data-start_on=\"0\" data-count=\"8\" data-infinite=\"\" data-focus_on=\"1\" data-mbrp=\"480\" data-tbrp=\"768\" data-tlbrp=\"1024\" data-mb_itm=\"\">\r\n        \t            <div class=\"hor-container\">\r\n            <span class=\"timeline-hr\"><\/span>\r\n            <span class=\"timeline-pos-select\"><\/span>\r\n            <ul class=\"horizontal-nav\">\r\n\t\t\t\t                    <li class=\"ictl-3362\">\r\n                    \t<span class=\"tl-point\">1991<i class=\"fa fa-circle no-icon\"><\/i><\/span>\r\n                    \t                    <\/li>\r\n                                    <li class=\"ictl-3365\">\r\n                    \t<span class=\"tl-point\">10 September 1991<i class=\"fa fa-circle no-icon\"><\/i><\/span>\r\n                    \t                    <\/li>\r\n                                    <li class=\"ictl-3367\">\r\n                    \t<span class=\"tl-point\">1991<i class=\"fa fa-circle no-icon\"><\/i><\/span>\r\n                    \t                    <\/li>\r\n                                    <li class=\"ictl-3368\">\r\n                    \t<span class=\"tl-point\">1993<i class=\"fa fa-circle no-icon\"><\/i><\/span>\r\n                    \t                    <\/li>\r\n                                    <li class=\"ictl-3370\">\r\n                    \t<span class=\"tl-point\">2002<i class=\"fa fa-circle no-icon\"><\/i><\/span>\r\n                    \t                    <\/li>\r\n                                    <li class=\"ictl-3371\">\r\n                    \t<span class=\"tl-point\">2005 et 2011<i class=\"fa fa-circle no-icon\"><\/i><\/span>\r\n                    \t                    <\/li>\r\n                                    <li class=\"ictl-3372\">\r\n                    \t<span class=\"tl-point\">2012<i class=\"fa fa-circle no-icon\"><\/i><\/span>\r\n                    \t                    <\/li>\r\n                                    <li class=\"ictl-3373\">\r\n                    \t<span class=\"tl-point\">2015<i class=\"fa fa-circle no-icon\"><\/i><\/span>\r\n                    \t                    <\/li>\r\n                            <\/ul>\r\n            <\/div>\r\n                        <ul class=\"horizontal-content\">\r\n                    <li class=\"post-3362 wp-timeline type-wp-timeline status-publish hentry\" id=\"3362!\" >\r\n        <div class=\"wpex-timeline-label\">\r\n                <div class=\"timeline-details\">\r\n        \t<h2>\r\n            \t                <a href=\"https:\/\/abubef.org\/en\/timeline\/creation-par-9-membres-volontaires\/\" title=\"Cr\u00e9ation par 9 membres volontaires\">\r\n\t\t\t\t\tCr\u00e9ation par 9 membres volontaires                <\/a>\r\n            <\/h2>\r\n                        <div class=\"hidden-date\"><\/div>\r\n                        <div class=\"wptl-excerpt\">\r\n\t\t\t            <\/div>\r\n                        <div class=\"wptl-readmore\"><a href=\"https:\/\/abubef.org\/en\/timeline\/creation-par-9-membres-volontaires\/\" title=\"Cr\u00e9ation par 9 membres volontaires\">Continue reading <i class=\"fa fa-long-arrow-right\" aria-hidden=\"true\"><\/i><\/a><\/div>\r\n            <div class=\"exclearfix\"><\/div>\r\n                    <\/div>\r\n        <div class=\"exclearfix\"><\/div>\r\n    <\/div>\r\n<\/li><li class=\"post-3365 wp-timeline type-wp-timeline status-publish hentry\" id=\"3365!\" >\r\n        <div class=\"wpex-timeline-label\">\r\n                <div class=\"timeline-details\">\r\n        \t<h2>\r\n            \t                <a href=\"https:\/\/abubef.org\/en\/timeline\/agrement-par-le-ministere-de-la-justice\/\" title=\"Agr\u00e9ment par le Minist\u00e9re de la Justice\">\r\n\t\t\t\t\tAgr\u00e9ment par le Minist\u00e9re de la Justice                <\/a>\r\n            <\/h2>\r\n                        <div class=\"hidden-date\"><\/div>\r\n                        <div class=\"wptl-excerpt\">\r\n\t\t\t            <\/div>\r\n                        <div class=\"wptl-readmore\"><a href=\"https:\/\/abubef.org\/en\/timeline\/agrement-par-le-ministere-de-la-justice\/\" title=\"Agr\u00e9ment par le Minist\u00e9re de la Justice\">Continue reading <i class=\"fa fa-long-arrow-right\" aria-hidden=\"true\"><\/i><\/a><\/div>\r\n            <div class=\"exclearfix\"><\/div>\r\n                    <\/div>\r\n        <div class=\"exclearfix\"><\/div>\r\n    <\/div>\r\n<\/li><li class=\"post-3367 wp-timeline type-wp-timeline status-publish hentry\" id=\"3367!\" >\r\n        <div class=\"wpex-timeline-label\">\r\n                <div class=\"timeline-details\">\r\n        \t<h2>\r\n            \t                <a href=\"https:\/\/abubef.org\/en\/timeline\/membre-observateur-a-ippf\/\" title=\"Membre observateur a |\u2019IPPF\">\r\n\t\t\t\t\tMembre observateur a |\u2019IPPF                <\/a>\r\n            <\/h2>\r\n                        <div class=\"hidden-date\"><\/div>\r\n                        <div class=\"wptl-excerpt\">\r\n\t\t\t            <\/div>\r\n                        <div class=\"wptl-readmore\"><a href=\"https:\/\/abubef.org\/en\/timeline\/membre-observateur-a-ippf\/\" title=\"Membre observateur a |\u2019IPPF\">Continue reading <i class=\"fa fa-long-arrow-right\" aria-hidden=\"true\"><\/i><\/a><\/div>\r\n            <div class=\"exclearfix\"><\/div>\r\n                    <\/div>\r\n        <div class=\"exclearfix\"><\/div>\r\n    <\/div>\r\n<\/li><li class=\"post-3368 wp-timeline type-wp-timeline status-publish hentry\" id=\"3368!\" >\r\n        <div class=\"wpex-timeline-label\">\r\n                <div class=\"timeline-details\">\r\n        \t<h2>\r\n            \t                <a href=\"https:\/\/abubef.org\/en\/timeline\/secretariat-executif-de-labubef\/\" title=\"Secr\u00e9tariat Ex\u00e9cutif de l\u2018ABUBEF\">\r\n\t\t\t\t\tSecr\u00e9tariat Ex\u00e9cutif de l\u2018ABUBEF                <\/a>\r\n            <\/h2>\r\n                        <div class=\"hidden-date\"><\/div>\r\n                        <div class=\"wptl-excerpt\">\r\n\t\t\t            <\/div>\r\n                        <div class=\"wptl-readmore\"><a href=\"https:\/\/abubef.org\/en\/timeline\/secretariat-executif-de-labubef\/\" title=\"Secr\u00e9tariat Ex\u00e9cutif de l\u2018ABUBEF\">Continue reading <i class=\"fa fa-long-arrow-right\" aria-hidden=\"true\"><\/i><\/a><\/div>\r\n            <div class=\"exclearfix\"><\/div>\r\n                    <\/div>\r\n        <div class=\"exclearfix\"><\/div>\r\n    <\/div>\r\n<\/li><li class=\"post-3370 wp-timeline type-wp-timeline status-publish hentry\" id=\"3370!\" >\r\n        <div class=\"wpex-timeline-label\">\r\n                <div class=\"timeline-details\">\r\n        \t<h2>\r\n            \t                <a href=\"https:\/\/abubef.org\/en\/timeline\/membre-a-part-entiere-de-lippf\/\" title=\"Membre a part enti\u00e9re de l\u2019IPPF\">\r\n\t\t\t\t\tMembre a part enti\u00e9re de l\u2019IPPF                <\/a>\r\n            <\/h2>\r\n                        <div class=\"hidden-date\"><\/div>\r\n                        <div class=\"wptl-excerpt\">\r\n\t\t\t            <\/div>\r\n                        <div class=\"wptl-readmore\"><a href=\"https:\/\/abubef.org\/en\/timeline\/membre-a-part-entiere-de-lippf\/\" title=\"Membre a part enti\u00e9re de l\u2019IPPF\">Continue reading <i class=\"fa fa-long-arrow-right\" aria-hidden=\"true\"><\/i><\/a><\/div>\r\n            <div class=\"exclearfix\"><\/div>\r\n                    <\/div>\r\n        <div class=\"exclearfix\"><\/div>\r\n    <\/div>\r\n<\/li><li class=\"post-3371 wp-timeline type-wp-timeline status-publish hentry\" id=\"3371!\" >\r\n        <div class=\"wpex-timeline-label\">\r\n                <div class=\"timeline-details\">\r\n        \t<h2>\r\n            \t                <a href=\"https:\/\/abubef.org\/en\/timeline\/accreditee\/\" title=\"Accr\u00e9dit\u00e9e\">\r\n\t\t\t\t\tAccr\u00e9dit\u00e9e                <\/a>\r\n            <\/h2>\r\n                        <div class=\"hidden-date\"><\/div>\r\n                        <div class=\"wptl-excerpt\">\r\n\t\t\t            <\/div>\r\n                        <div class=\"wptl-readmore\"><a href=\"https:\/\/abubef.org\/en\/timeline\/accreditee\/\" title=\"Accr\u00e9dit\u00e9e\">Continue reading <i class=\"fa fa-long-arrow-right\" aria-hidden=\"true\"><\/i><\/a><\/div>\r\n            <div class=\"exclearfix\"><\/div>\r\n                    <\/div>\r\n        <div class=\"exclearfix\"><\/div>\r\n    <\/div>\r\n<\/li><li class=\"post-3372 wp-timeline type-wp-timeline status-publish hentry\" id=\"3372!\" >\r\n        <div class=\"wpex-timeline-label\">\r\n                <div class=\"timeline-details\">\r\n        \t<h2>\r\n            \t                <a href=\"https:\/\/abubef.org\/en\/timeline\/leader-national-en-sante-sexuelle-et-reproductive-certificat-dexcellence\/\" title=\"Leader national en sant\u00e9 sexuelle et reproductive Certificat d\u2019excellence\">\r\n\t\t\t\t\tLeader national en sant\u00e9 sexuelle et reproductive Certificat d\u2019excellence                <\/a>\r\n            <\/h2>\r\n                        <div class=\"hidden-date\"><\/div>\r\n                        <div class=\"wptl-excerpt\">\r\n\t\t\t            <\/div>\r\n                        <div class=\"wptl-readmore\"><a href=\"https:\/\/abubef.org\/en\/timeline\/leader-national-en-sante-sexuelle-et-reproductive-certificat-dexcellence\/\" title=\"Leader national en sant\u00e9 sexuelle et reproductive Certificat d\u2019excellence\">Continue reading <i class=\"fa fa-long-arrow-right\" aria-hidden=\"true\"><\/i><\/a><\/div>\r\n            <div class=\"exclearfix\"><\/div>\r\n                    <\/div>\r\n        <div class=\"exclearfix\"><\/div>\r\n    <\/div>\r\n<\/li><li class=\"post-3373 wp-timeline type-wp-timeline status-publish hentry\" id=\"3373!\" >\r\n        <div class=\"wpex-timeline-label\">\r\n                <div class=\"timeline-details\">\r\n        \t<h2>\r\n            \t                <a href=\"https:\/\/abubef.org\/en\/timeline\/fort-de-693-membres-volontaires\/\" title=\"Fort de 693 membres volontaires\">\r\n\t\t\t\t\tFort de 693 membres volontaires                <\/a>\r\n            <\/h2>\r\n                        <div class=\"hidden-date\"><\/div>\r\n                        <div class=\"wptl-excerpt\">\r\n\t\t\t            <\/div>\r\n                        <div class=\"wptl-readmore\"><a href=\"https:\/\/abubef.org\/en\/timeline\/fort-de-693-membres-volontaires\/\" title=\"Fort de 693 membres volontaires\">Continue reading <i class=\"fa fa-long-arrow-right\" aria-hidden=\"true\"><\/i><\/a><\/div>\r\n            <div class=\"exclearfix\"><\/div>\r\n                    <\/div>\r\n        <div class=\"exclearfix\"><\/div>\r\n    <\/div>\r\n<\/li>            <\/ul>\r\n                    <\/div>\r\n        \n\t\t<\/div>\n\t<\/div>\n<\/div><\/div><\/div><\/div><div data-vc-full-width=\"true\" data-vc-full-width-init=\"false\" class=\"vc_row wpb_row vc_row-fluid vc_custom_1671433139125 vc_row-has-fill\"><div class=\"wpb_column vc_column_container vc_col-sm-4\"><div class=\"vc_column-inner\"><div class=\"wpb_wrapper\"><div class=\"rt-infobox-9  layout9\" style=\"\" data-color=\"#ffffff\" data-hover=\"#01a14b\" data-title-color=\"#ffffff\" data-title-hover=\"#01a14b\">\n\t<div>\n\t\t<div class=\"media\">\n\t\t\t<div class=\"media-left\">\n\t\t\t\t<div class=\"rtin-info-icon  rounded\">\n\t\t\t\t\t\t\t\t\t\t\t<i class=\"flaticon-custom-target\" aria-hidden=\"true\" style=\"color: #ffffff;\"><\/i>\n\t\t\t\t\t\t\t\t\t<\/div>\n\t\t\t<\/div>\n\t\t\t<div class=\"media-body\">\n\t\t\t\t<h3 class=\"media-heading\" style=\"\"><a style=\"color:#ffffff\" href=\"#\">Mission<\/a><\/h3>\n\t\t\t\t<span style=\"background:#ffffff\"><\/span>\n\t\t\t<\/div>\n\t\t<\/div>\n\t\t<div class=\"clear\"><\/div>\n\t\t<p class=\"mb0\" style=\"\">\u00ab\u00a0Promouvoir la sant\u00e9 sexuelle, reproductive, maternelle,<br \/>\nn\u00e9onatale, infantile et du bien-\u00eatre ainsi que les droits y relatifs, \u00e0 travers le plaidoyer et<br \/>\nl\u2019offre de services int\u00e9gr\u00e9s et de qualit\u00e9 pour tous, en synergie avec le Gouvernement, les<br \/>\npartenaires au d\u00e9veloppement et les autres intervenants, en mettant un accent particulier sur<br \/>\nles jeunes\/adolescents et les groupes mal desservis\u00a0\u00bb.<\/p>\n<p>&nbsp;<\/p>\n\t<\/div>\n<\/div><\/div><\/div><\/div><div class=\"wpb_column vc_column_container vc_col-sm-4\"><div class=\"vc_column-inner\"><div class=\"wpb_wrapper\"><div class=\"rt-infobox-9  layout9\" style=\"\" data-color=\"#ffffff\" data-hover=\"#01a14b\" data-title-color=\"#ffffff\" data-title-hover=\"#01a14b\">\n\t<div>\n\t\t<div class=\"media\">\n\t\t\t<div class=\"media-left\">\n\t\t\t\t<div class=\"rtin-info-icon  rounded\">\n\t\t\t\t\t\t\t\t\t\t\t<i class=\"flaticon-sam-eye\" aria-hidden=\"true\" style=\"color: #ffffff;\"><\/i>\n\t\t\t\t\t\t\t\t\t<\/div>\n\t\t\t<\/div>\n\t\t\t<div class=\"media-body\">\n\t\t\t\t<h3 class=\"media-heading\" style=\"\"><a style=\"color:#ffffff\" href=\"#\">Vision<\/a><\/h3>\n\t\t\t\t<span style=\"background:#ffffff\"><\/span>\n\t\t\t<\/div>\n\t\t<\/div>\n\t\t<div class=\"clear\"><\/div>\n\t\t<p class=\"mb0\" style=\"\">\u00ab Une soci\u00e9t\u00e9 burundaise o\u00f9 chacun, \u00e0 tout \u00e2ge, jouit librement, de mani\u00e8re inclusive et sans discrimination, d\u2019une bonne sant\u00e9 sexuelle,<br \/>\nreproductive, maternelle, n\u00e9onatale, infantile et du bien-\u00eatre ainsi que des droits y relatifs\u00a0\u00bb.<\/p>\n<p>&nbsp;<\/p>\n\t<\/div>\n<\/div><\/div><\/div><\/div><div class=\"wpb_column vc_column_container vc_col-sm-4\"><div class=\"vc_column-inner\"><div class=\"wpb_wrapper\"><div class=\"rt-infobox-9  layout9\" style=\"\" data-color=\"#ffffff\" data-hover=\"#01a14b\" data-title-color=\"#ffffff\" data-title-hover=\"#01a14b\">\n\t<div>\n\t\t<div class=\"media\">\n\t\t\t<div class=\"media-left\">\n\t\t\t\t<div class=\"rtin-info-icon  rounded\">\n\t\t\t\t\t\t\t\t\t\t\t<i class=\"flaticon-finance-get-money\" aria-hidden=\"true\" style=\"color: #ffffff;\"><\/i>\n\t\t\t\t\t\t\t\t\t<\/div>\n\t\t\t<\/div>\n\t\t\t<div class=\"media-body\">\n\t\t\t\t<h3 class=\"media-heading\" style=\"\"><a style=\"color:#ffffff\" href=\"#\">Our Objectives<\/a><\/h3>\n\t\t\t\t<span style=\"background:#ffffff\"><\/span>\n\t\t\t<\/div>\n\t\t<\/div>\n\t\t<div class=\"clear\"><\/div>\n\t\t<p class=\"mb0\" style=\"\">Contribuer \u00e0 l\u2019am\u00e9lioration du bien-\u00eatre de la population burundaise \u00e0 travers la pleine jouissance des droits et l\u2019acc\u00e8s \u00e9quitable aux services de sant\u00e9 sexuelle et reproductive de tout un chacun, et plus particuli\u00e8rement les jeunes et les groupes mal desservis.<\/p>\n<p>&nbsp;<\/p>\n\t<\/div>\n<\/div><\/div><\/div><\/div><\/div><div class=\"vc_row-full-width vc_clearfix\"><\/div><div class=\"vc_row wpb_row vc_row-fluid vc_custom_1505475519242\"><div class=\"wpb_column vc_column_container vc_col-sm-12\"><div class=\"vc_column-inner\"><div class=\"wpb_wrapper\"><p>No short code found<\/p><\/div><\/div><\/div><\/div><div class=\"vc_row wpb_row vc_row-fluid\"><div class=\"wpb_column vc_column_container vc_col-sm-12\"><div class=\"vc_column-inner\"><div class=\"wpb_wrapper\"><\/div><\/div><\/div><\/div>\n<\/section>","protected":false},"excerpt":{"rendered":"","protected":false},"author":2,"featured_media":0,"parent":0,"menu_order":0,"comment_status":"closed","ping_status":"closed","template":"","meta":{"footnotes":""},"class_list":["post-2410","page","type-page","status-publish","hentry"],"_links":{"self":[{"href":"https:\/\/abubef.org\/en\/wp-json\/wp\/v2\/pages\/2410","targetHints":{"allow":["GET"]}}],"collection":[{"href":"https:\/\/abubef.org\/en\/wp-json\/wp\/v2\/pages"}],"about":[{"href":"https:\/\/abubef.org\/en\/wp-json\/wp\/v2\/types\/page"}],"author":[{"embeddable":true,"href":"https:\/\/abubef.org\/en\/wp-json\/wp\/v2\/users\/2"}],"replies":[{"embeddable":true,"href":"https:\/\/abubef.org\/en\/wp-json\/wp\/v2\/comments?post=2410"}],"version-history":[{"count":10,"href":"https:\/\/abubef.org\/en\/wp-json\/wp\/v2\/pages\/2410\/revisions"}],"predecessor-version":[{"id":3649,"href":"https:\/\/abubef.org\/en\/wp-json\/wp\/v2\/pages\/2410\/revisions\/3649"}],"wp:attachment":[{"href":"https:\/\/abubef.org\/en\/wp-json\/wp\/v2\/media?parent=2410"}],"curies":[{"name":"wp","href":"https:\/\/api.w.org\/{rel}","templated":true}]}}